{"id":42861,"date":"2025-12-14T09:22:00","date_gmt":"2025-12-14T06:22:00","guid":{"rendered":"https:\/\/demo.filizdigital.com\/?post_type=product&#038;p=42861"},"modified":"2025-12-14T09:22:14","modified_gmt":"2025-12-14T06:22:14","slug":"arac-cikabilir-yukleme-bosaltma-alani","status":"publish","type":"product","link":"https:\/\/demo.filizdigital.com\/index.php\/urun\/arac-cikabilir-yukleme-bosaltma-alani\/","title":{"rendered":"Ara\u00e7 \u00c7\u0131kabilir Y\u00fckleme Bo\u015faltma Alan\u0131"},"content":{"rendered":"<h3>Ara\u00e7 \u00c7\u0131kabilir Y\u00fckleme Bo\u015faltma Alan\u0131 Uyar\u0131 Levhas\u0131. Giri\u015f ve \u00e7\u0131k\u0131\u015f ile ilgili t\u00fcm uyar\u0131 levhalar\u0131na <a class=\"kategori\" title=\"giri\u015f ve \u00e7\u0131k\u0131\u015f uyar\u0131lar\u0131\" href=\"https:\/\/uyarilevha.com\/product-category\/is-guvenlik-levhalari\/giris-ve-cikis-uyarilari\/\">&#8220;bu kategoriden&#8221;<\/a> ula\u015fabilirsin.<\/h3>\n","protected":false},"excerpt":{"rendered":"<p>Ara\u00e7 \u00c7\u0131kabilir Y\u00fckleme Bo\u015faltma Alan\u0131 \u0130kaz Levhas\u0131<\/p>\n","protected":false},"featured_media":42929,"comment_status":"open","ping_status":"closed","template":"","meta":[],"product_brand":[],"product_cat":[322,236],"product_tag":[174,323,324],"class_list":{"0":"post-42861","1":"product","2":"type-product","3":"status-publish","4":"has-post-thumbnail","6":"product_cat-giris-ve-cikis-uyarilari","7":"product_cat-yukleme-bosaltma-ve-yuk-kaldirma-levhalari","8":"product_tag-arac","9":"product_tag-bosaltma","10":"product_tag-yukleme","12":"first","13":"instock","14":"shipping-taxable","15":"purchasable","16":"product-type-variable","17":"has-default-attributes"},"_links":{"self":[{"href":"https:\/\/demo.filizdigital.com\/index.php\/wp-json\/wp\/v2\/product\/42861","targetHints":{"allow":["GET"]}}],"collection":[{"href":"https:\/\/demo.filizdigital.com\/index.php\/wp-json\/wp\/v2\/product"}],"about":[{"href":"https:\/\/demo.filizdigital.com\/index.php\/wp-json\/wp\/v2\/types\/product"}],"replies":[{"embeddable":true,"href":"https:\/\/demo.filizdigital.com\/index.php\/wp-json\/wp\/v2\/comments?post=42861"}],"wp:featuredmedia":[{"embeddable":true,"href":"https:\/\/demo.filizdigital.com\/index.php\/wp-json\/wp\/v2\/media\/42929"}],"wp:attachment":[{"href":"https:\/\/demo.filizdigital.com\/index.php\/wp-json\/wp\/v2\/media?parent=42861"}],"wp:term":[{"taxonomy":"product_brand","embeddable":true,"href":"https:\/\/demo.filizdigital.com\/index.php\/wp-json\/wp\/v2\/product_brand?post=42861"},{"taxonomy":"product_cat","embeddable":true,"href":"https:\/\/demo.filizdigital.com\/index.php\/wp-json\/wp\/v2\/product_cat?post=42861"},{"taxonomy":"product_tag","embeddable":true,"href":"https:\/\/demo.filizdigital.com\/index.php\/wp-json\/wp\/v2\/product_tag?post=42861"}],"curies":[{"name":"wp","href":"https:\/\/api.w.org\/{rel}","templated":true}]}}