{"id":42955,"date":"2025-12-14T09:22:12","date_gmt":"2025-12-14T06:22:12","guid":{"rendered":"https:\/\/demo.filizdigital.com\/?post_type=product&#038;p=42955"},"modified":"2025-12-14T09:22:25","modified_gmt":"2025-12-14T06:22:25","slug":"arac-giremez-acil-durumlar-haric","status":"publish","type":"product","link":"https:\/\/demo.filizdigital.com\/index.php\/urun\/arac-giremez-acil-durumlar-haric\/","title":{"rendered":"Ara\u00e7 Giremez Acil Durumlar Hari\u00e7"},"content":{"rendered":"<h3>Ara\u00e7 Giremez Acil Durumlar Hari\u00e7 Uyar\u0131 Levhas\u0131. Giri\u015f ve \u00e7\u0131k\u0131\u015f ile ilgili t\u00fcm uyar\u0131 levhalar\u0131na <a class=\"kategori\" title=\"giri\u015f ve \u00e7\u0131k\u0131\u015f uyar\u0131lar\u0131\" href=\"https:\/\/uyarilevha.com\/product-category\/is-guvenlik-levhalari\/giris-ve-cikis-uyarilari\/\">&#8220;bu kategoriden&#8221;<\/a> ula\u015fabilirsin.<\/h3>\n","protected":false},"excerpt":{"rendered":"<p>Ara\u00e7 Giremez Acil Durumlar Hari\u00e7 \u0130kaz Levhas\u0131<\/p>\n","protected":false},"featured_media":43021,"comment_status":"open","ping_status":"closed","template":"","meta":[],"product_brand":[],"product_cat":[322,119],"product_tag":[174],"class_list":{"0":"post-42955","1":"product","2":"type-product","3":"status-publish","4":"has-post-thumbnail","6":"product_cat-giris-ve-cikis-uyarilari","7":"product_cat-site-ve-apartman-yonetimi-levhalari","8":"product_tag-arac","10":"first","11":"instock","12":"shipping-taxable","13":"purchasable","14":"product-type-variable","15":"has-default-attributes"},"_links":{"self":[{"href":"https:\/\/demo.filizdigital.com\/index.php\/wp-json\/wp\/v2\/product\/42955","targetHints":{"allow":["GET"]}}],"collection":[{"href":"https:\/\/demo.filizdigital.com\/index.php\/wp-json\/wp\/v2\/product"}],"about":[{"href":"https:\/\/demo.filizdigital.com\/index.php\/wp-json\/wp\/v2\/types\/product"}],"replies":[{"embeddable":true,"href":"https:\/\/demo.filizdigital.com\/index.php\/wp-json\/wp\/v2\/comments?post=42955"}],"wp:featuredmedia":[{"embeddable":true,"href":"https:\/\/demo.filizdigital.com\/index.php\/wp-json\/wp\/v2\/media\/43021"}],"wp:attachment":[{"href":"https:\/\/demo.filizdigital.com\/index.php\/wp-json\/wp\/v2\/media?parent=42955"}],"wp:term":[{"taxonomy":"product_brand","embeddable":true,"href":"https:\/\/demo.filizdigital.com\/index.php\/wp-json\/wp\/v2\/product_brand?post=42955"},{"taxonomy":"product_cat","embeddable":true,"href":"https:\/\/demo.filizdigital.com\/index.php\/wp-json\/wp\/v2\/product_cat?post=42955"},{"taxonomy":"product_tag","embeddable":true,"href":"https:\/\/demo.filizdigital.com\/index.php\/wp-json\/wp\/v2\/product_tag?post=42955"}],"curies":[{"name":"wp","href":"https:\/\/api.w.org\/{rel}","templated":true}]}}