{"id":43048,"date":"2025-12-14T09:22:23","date_gmt":"2025-12-14T06:22:23","guid":{"rendered":"https:\/\/demo.filizdigital.com\/?post_type=product&#038;p=43048"},"modified":"2025-12-14T09:22:32","modified_gmt":"2025-12-14T06:22:32","slug":"arac-guvenlik-kontrolu","status":"publish","type":"product","link":"https:\/\/demo.filizdigital.com\/index.php\/urun\/arac-guvenlik-kontrolu\/","title":{"rendered":"Ara\u00e7 G\u00fcvenlik Kontrol\u00fc"},"content":{"rendered":"<h3>Ara\u00e7 G\u00fcvenlik Kontrol\u00fc Uyar\u0131 Levhas\u0131. Giri\u015f ve \u00e7\u0131k\u0131\u015f ile ilgili t\u00fcm uyar\u0131 levhalar\u0131na <a class=\"kategori\" title=\"giri\u015f ve \u00e7\u0131k\u0131\u015f uyar\u0131lar\u0131\" href=\"https:\/\/uyarilevha.com\/product-category\/is-guvenlik-levhalari\/giris-ve-cikis-uyarilari\/\">&#8220;bu kategoriden&#8221;<\/a> ula\u015fabilirsin.<\/h3>\n","protected":false},"excerpt":{"rendered":"<p>Ara\u00e7 G\u00fcvenlik Kontrol\u00fc \u0130kaz Levhas\u0131<\/p>\n","protected":false},"featured_media":43052,"comment_status":"open","ping_status":"closed","template":"","meta":[],"product_brand":[],"product_cat":[322,119],"product_tag":[174,325,326],"class_list":{"0":"post-43048","1":"product","2":"type-product","3":"status-publish","4":"has-post-thumbnail","6":"product_cat-giris-ve-cikis-uyarilari","7":"product_cat-site-ve-apartman-yonetimi-levhalari","8":"product_tag-arac","9":"product_tag-guvenlik","10":"product_tag-kontrol","12":"first","13":"instock","14":"shipping-taxable","15":"purchasable","16":"product-type-variable","17":"has-default-attributes"},"_links":{"self":[{"href":"https:\/\/demo.filizdigital.com\/index.php\/wp-json\/wp\/v2\/product\/43048","targetHints":{"allow":["GET"]}}],"collection":[{"href":"https:\/\/demo.filizdigital.com\/index.php\/wp-json\/wp\/v2\/product"}],"about":[{"href":"https:\/\/demo.filizdigital.com\/index.php\/wp-json\/wp\/v2\/types\/product"}],"replies":[{"embeddable":true,"href":"https:\/\/demo.filizdigital.com\/index.php\/wp-json\/wp\/v2\/comments?post=43048"}],"wp:featuredmedia":[{"embeddable":true,"href":"https:\/\/demo.filizdigital.com\/index.php\/wp-json\/wp\/v2\/media\/43052"}],"wp:attachment":[{"href":"https:\/\/demo.filizdigital.com\/index.php\/wp-json\/wp\/v2\/media?parent=43048"}],"wp:term":[{"taxonomy":"product_brand","embeddable":true,"href":"https:\/\/demo.filizdigital.com\/index.php\/wp-json\/wp\/v2\/product_brand?post=43048"},{"taxonomy":"product_cat","embeddable":true,"href":"https:\/\/demo.filizdigital.com\/index.php\/wp-json\/wp\/v2\/product_cat?post=43048"},{"taxonomy":"product_tag","embeddable":true,"href":"https:\/\/demo.filizdigital.com\/index.php\/wp-json\/wp\/v2\/product_tag?post=43048"}],"curies":[{"name":"wp","href":"https:\/\/api.w.org\/{rel}","templated":true}]}}