{"id":43095,"date":"2025-12-14T09:22:29","date_gmt":"2025-12-14T06:22:29","guid":{"rendered":"https:\/\/demo.filizdigital.com\/?post_type=product&#038;p=43095"},"modified":"2025-12-14T09:22:36","modified_gmt":"2025-12-14T06:22:36","slug":"araciniza-gelebilecek-muhtemel-hasardan-mesul-degiliz","status":"publish","type":"product","link":"https:\/\/demo.filizdigital.com\/index.php\/urun\/araciniza-gelebilecek-muhtemel-hasardan-mesul-degiliz\/","title":{"rendered":"Arac\u0131n\u0131za Gelebilecek Muhtemel Hasardan Mesul De\u011filiz"},"content":{"rendered":"<h3>Arac\u0131n\u0131za Gelebilecek Muhtemel Hasardan Mesul De\u011filiz Uyar\u0131 Levhas\u0131. Site y\u00f6netimi ile ilgili t\u00fcm uyar\u0131 levhalara <a class=\"kategori\" title=\"site y\u00f6netimi uyar\u0131 levhalar\u0131\" href=\"https:\/\/uyarilevha.com\/product-category\/is-guvenlik-levhalari\/site-yonetimi-levhalari\/\">&#8220;bu kategoriden&#8221;<\/a> ula\u015fabilirsin.<\/h3>\n","protected":false},"excerpt":{"rendered":"<p>Arac\u0131n\u0131za Gelebilecek Muhtemel Hasardan Mesul De\u011filiz \u0130kaz Levhas\u0131<\/p>\n","protected":false},"featured_media":43113,"comment_status":"open","ping_status":"closed","template":"","meta":[],"product_brand":[],"product_cat":[173,119],"product_tag":[327,199],"class_list":{"0":"post-43095","1":"product","2":"type-product","3":"status-publish","4":"has-post-thumbnail","6":"product_cat-otopark-uyari-levhalari","7":"product_cat-site-ve-apartman-yonetimi-levhalari","8":"product_tag-hasar","9":"product_tag-park","11":"first","12":"instock","13":"shipping-taxable","14":"purchasable","15":"product-type-variable","16":"has-default-attributes"},"_links":{"self":[{"href":"https:\/\/demo.filizdigital.com\/index.php\/wp-json\/wp\/v2\/product\/43095","targetHints":{"allow":["GET"]}}],"collection":[{"href":"https:\/\/demo.filizdigital.com\/index.php\/wp-json\/wp\/v2\/product"}],"about":[{"href":"https:\/\/demo.filizdigital.com\/index.php\/wp-json\/wp\/v2\/types\/product"}],"replies":[{"embeddable":true,"href":"https:\/\/demo.filizdigital.com\/index.php\/wp-json\/wp\/v2\/comments?post=43095"}],"wp:featuredmedia":[{"embeddable":true,"href":"https:\/\/demo.filizdigital.com\/index.php\/wp-json\/wp\/v2\/media\/43113"}],"wp:attachment":[{"href":"https:\/\/demo.filizdigital.com\/index.php\/wp-json\/wp\/v2\/media?parent=43095"}],"wp:term":[{"taxonomy":"product_brand","embeddable":true,"href":"https:\/\/demo.filizdigital.com\/index.php\/wp-json\/wp\/v2\/product_brand?post=43095"},{"taxonomy":"product_cat","embeddable":true,"href":"https:\/\/demo.filizdigital.com\/index.php\/wp-json\/wp\/v2\/product_cat?post=43095"},{"taxonomy":"product_tag","embeddable":true,"href":"https:\/\/demo.filizdigital.com\/index.php\/wp-json\/wp\/v2\/product_tag?post=43095"}],"curies":[{"name":"wp","href":"https:\/\/api.w.org\/{rel}","templated":true}]}}