{"id":43236,"date":"2025-12-14T09:22:46","date_gmt":"2025-12-14T06:22:46","guid":{"rendered":"https:\/\/demo.filizdigital.com\/?post_type=product&#038;p=43236"},"modified":"2025-12-14T09:22:53","modified_gmt":"2025-12-14T06:22:53","slug":"araclari-cikis-yonunde-park-ediniz","status":"publish","type":"product","link":"https:\/\/demo.filizdigital.com\/index.php\/urun\/araclari-cikis-yonunde-park-ediniz\/","title":{"rendered":"Ara\u00e7lar\u0131 \u00c7\u0131k\u0131\u015f Y\u00f6n\u00fcnde Park Ediniz"},"content":{"rendered":"<h3>Ara\u00e7lar\u0131 \u00c7\u0131k\u0131\u015f Y\u00f6n\u00fcnde Park Ediniz Uyar\u0131 Levhas\u0131. Otopark ve park etme ile ilgili t\u00fcm uyar\u0131 levhalara <a class=\"kategori\" title=\"park ikaz levhalar\u0131\" href=\"https:\/\/uyarilevha.com\/product-category\/is-guvenlik-levhalari\/otopark-uyari-levhalari\/\">&#8220;bu kategoriden&#8221;<\/a> ula\u015fabilirsin.<\/h3>\n","protected":false},"excerpt":{"rendered":"<p>Ara\u00e7lar\u0131 \u00c7\u0131k\u0131\u015f Y\u00f6n\u00fcnde Park Ediniz \u0130kaz Levhas\u0131<\/p>\n","protected":false},"featured_media":43266,"comment_status":"open","ping_status":"closed","template":"","meta":[],"product_brand":[],"product_cat":[173,119],"product_tag":[199],"class_list":{"0":"post-43236","1":"product","2":"type-product","3":"status-publish","4":"has-post-thumbnail","6":"product_cat-otopark-uyari-levhalari","7":"product_cat-site-ve-apartman-yonetimi-levhalari","8":"product_tag-park","10":"first","11":"instock","12":"shipping-taxable","13":"purchasable","14":"product-type-variable","15":"has-default-attributes"},"_links":{"self":[{"href":"https:\/\/demo.filizdigital.com\/index.php\/wp-json\/wp\/v2\/product\/43236","targetHints":{"allow":["GET"]}}],"collection":[{"href":"https:\/\/demo.filizdigital.com\/index.php\/wp-json\/wp\/v2\/product"}],"about":[{"href":"https:\/\/demo.filizdigital.com\/index.php\/wp-json\/wp\/v2\/types\/product"}],"replies":[{"embeddable":true,"href":"https:\/\/demo.filizdigital.com\/index.php\/wp-json\/wp\/v2\/comments?post=43236"}],"wp:featuredmedia":[{"embeddable":true,"href":"https:\/\/demo.filizdigital.com\/index.php\/wp-json\/wp\/v2\/media\/43266"}],"wp:attachment":[{"href":"https:\/\/demo.filizdigital.com\/index.php\/wp-json\/wp\/v2\/media?parent=43236"}],"wp:term":[{"taxonomy":"product_brand","embeddable":true,"href":"https:\/\/demo.filizdigital.com\/index.php\/wp-json\/wp\/v2\/product_brand?post=43236"},{"taxonomy":"product_cat","embeddable":true,"href":"https:\/\/demo.filizdigital.com\/index.php\/wp-json\/wp\/v2\/product_cat?post=43236"},{"taxonomy":"product_tag","embeddable":true,"href":"https:\/\/demo.filizdigital.com\/index.php\/wp-json\/wp\/v2\/product_tag?post=43236"}],"curies":[{"name":"wp","href":"https:\/\/api.w.org\/{rel}","templated":true}]}}