{"id":43283,"date":"2025-12-14T09:22:51","date_gmt":"2025-12-14T06:22:51","guid":{"rendered":"https:\/\/demo.filizdigital.com\/?post_type=product&#038;p=43283"},"modified":"2025-12-14T09:23:00","modified_gmt":"2025-12-14T06:23:00","slug":"araclari-gorevliden-baskasi-kullanamaz","status":"publish","type":"product","link":"https:\/\/demo.filizdigital.com\/index.php\/urun\/araclari-gorevliden-baskasi-kullanamaz\/","title":{"rendered":"Ara\u00e7lar\u0131 G\u00f6revliden Ba\u015fkas\u0131 Kullanamaz"},"content":{"rendered":"<h3>Ara\u00e7lar\u0131 G\u00f6revliden Ba\u015fkas\u0131 Kullanamaz Uyar\u0131 Levhas\u0131. Otopark ve park etme ile ilgili t\u00fcm uyar\u0131 levhalara <a class=\"kategori\" title=\"park ikaz levhalar\u0131\" href=\"https:\/\/uyarilevha.com\/product-category\/is-guvenlik-levhalari\/otopark-uyari-levhalari\/\">&#8220;bu kategoriden&#8221;<\/a> ula\u015fabilirsin.<\/h3>\n","protected":false},"excerpt":{"rendered":"<p>Ara\u00e7lar\u0131 G\u00f6revliden Ba\u015fkas\u0131 Kullanamaz \u0130kaz Levhas\u0131<\/p>\n","protected":false},"featured_media":43297,"comment_status":"open","ping_status":"closed","template":"","meta":[],"product_brand":[],"product_cat":[173,119],"product_tag":[199],"class_list":{"0":"post-43283","1":"product","2":"type-product","3":"status-publish","4":"has-post-thumbnail","6":"product_cat-otopark-uyari-levhalari","7":"product_cat-site-ve-apartman-yonetimi-levhalari","8":"product_tag-park","10":"first","11":"instock","12":"shipping-taxable","13":"purchasable","14":"product-type-variable","15":"has-default-attributes"},"_links":{"self":[{"href":"https:\/\/demo.filizdigital.com\/index.php\/wp-json\/wp\/v2\/product\/43283","targetHints":{"allow":["GET"]}}],"collection":[{"href":"https:\/\/demo.filizdigital.com\/index.php\/wp-json\/wp\/v2\/product"}],"about":[{"href":"https:\/\/demo.filizdigital.com\/index.php\/wp-json\/wp\/v2\/types\/product"}],"replies":[{"embeddable":true,"href":"https:\/\/demo.filizdigital.com\/index.php\/wp-json\/wp\/v2\/comments?post=43283"}],"wp:featuredmedia":[{"embeddable":true,"href":"https:\/\/demo.filizdigital.com\/index.php\/wp-json\/wp\/v2\/media\/43297"}],"wp:attachment":[{"href":"https:\/\/demo.filizdigital.com\/index.php\/wp-json\/wp\/v2\/media?parent=43283"}],"wp:term":[{"taxonomy":"product_brand","embeddable":true,"href":"https:\/\/demo.filizdigital.com\/index.php\/wp-json\/wp\/v2\/product_brand?post=43283"},{"taxonomy":"product_cat","embeddable":true,"href":"https:\/\/demo.filizdigital.com\/index.php\/wp-json\/wp\/v2\/product_cat?post=43283"},{"taxonomy":"product_tag","embeddable":true,"href":"https:\/\/demo.filizdigital.com\/index.php\/wp-json\/wp\/v2\/product_tag?post=43283"}],"curies":[{"name":"wp","href":"https:\/\/api.w.org\/{rel}","templated":true}]}}