{"id":43377,"date":"2025-12-14T09:23:02","date_gmt":"2025-12-14T06:23:02","guid":{"rendered":"https:\/\/demo.filizdigital.com\/?post_type=product&#038;p=43377"},"modified":"2025-12-14T09:23:13","modified_gmt":"2025-12-14T06:23:13","slug":"arac-manevra-sahasinda-yaya-olarak-bulunmak-yasaktir","status":"publish","type":"product","link":"https:\/\/demo.filizdigital.com\/index.php\/urun\/arac-manevra-sahasinda-yaya-olarak-bulunmak-yasaktir\/","title":{"rendered":"Ara\u00e7 Manevra Sahas\u0131nda Yaya Olarak Bulunmak Yasakt\u0131r"},"content":{"rendered":"<h3>Ara\u00e7 Manevra Sahas\u0131nda Yaya Olarak Bulunmak Yasakt\u0131r Uyar\u0131 Levhas\u0131. Otopark ve park etme ile ilgili t\u00fcm uyar\u0131 levhalar\u0131na <a class=\"kategori\" title=\"park ikaz levhalar\u0131\" href=\"https:\/\/uyarilevha.com\/product-category\/is-guvenlik-levhalari\/otopark-uyari-levhalari\/\">&#8220;bu kategoriden&#8221;<\/a> ula\u015fabilirsin.<\/h3>\n","protected":false},"excerpt":{"rendered":"<p>Ara\u00e7 Manevra Sahas\u0131nda Yaya Olarak Bulunmak Yasakt\u0131r \u0130kaz Levhas\u0131<\/p>\n","protected":false},"featured_media":43389,"comment_status":"open","ping_status":"closed","template":"","meta":[],"product_brand":[],"product_cat":[67],"product_tag":[174,199],"class_list":{"0":"post-43377","1":"product","2":"type-product","3":"status-publish","4":"has-post-thumbnail","6":"product_cat-is-guvenlik-levhalari","7":"product_tag-arac","8":"product_tag-park","10":"first","11":"instock","12":"shipping-taxable","13":"purchasable","14":"product-type-variable","15":"has-default-attributes"},"_links":{"self":[{"href":"https:\/\/demo.filizdigital.com\/index.php\/wp-json\/wp\/v2\/product\/43377","targetHints":{"allow":["GET"]}}],"collection":[{"href":"https:\/\/demo.filizdigital.com\/index.php\/wp-json\/wp\/v2\/product"}],"about":[{"href":"https:\/\/demo.filizdigital.com\/index.php\/wp-json\/wp\/v2\/types\/product"}],"replies":[{"embeddable":true,"href":"https:\/\/demo.filizdigital.com\/index.php\/wp-json\/wp\/v2\/comments?post=43377"}],"wp:featuredmedia":[{"embeddable":true,"href":"https:\/\/demo.filizdigital.com\/index.php\/wp-json\/wp\/v2\/media\/43389"}],"wp:attachment":[{"href":"https:\/\/demo.filizdigital.com\/index.php\/wp-json\/wp\/v2\/media?parent=43377"}],"wp:term":[{"taxonomy":"product_brand","embeddable":true,"href":"https:\/\/demo.filizdigital.com\/index.php\/wp-json\/wp\/v2\/product_brand?post=43377"},{"taxonomy":"product_cat","embeddable":true,"href":"https:\/\/demo.filizdigital.com\/index.php\/wp-json\/wp\/v2\/product_cat?post=43377"},{"taxonomy":"product_tag","embeddable":true,"href":"https:\/\/demo.filizdigital.com\/index.php\/wp-json\/wp\/v2\/product_tag?post=43377"}],"curies":[{"name":"wp","href":"https:\/\/api.w.org\/{rel}","templated":true}]}}