{"id":43518,"date":"2025-12-14T09:23:21","date_gmt":"2025-12-14T06:23:21","guid":{"rendered":"https:\/\/demo.filizdigital.com\/?post_type=product&#038;p=43518"},"modified":"2025-12-14T09:23:44","modified_gmt":"2025-12-14T06:23:44","slug":"ar-ge-kapi-isimligi","status":"publish","type":"product","link":"https:\/\/demo.filizdigital.com\/index.php\/urun\/ar-ge-kapi-isimligi\/","title":{"rendered":"Ar-Ge Kap\u0131 \u0130simli\u011fi"},"content":{"rendered":"<p>Ar-ge Odas\u0131 Kap\u0131 \u0130simli\u011fi<\/p>\n","protected":false},"excerpt":{"rendered":"<p>Ar-Ge Odas\u0131 Kap\u0131 \u0130simli\u011fi<\/p>\n","protected":false},"featured_media":43542,"comment_status":"open","ping_status":"closed","template":"","meta":[],"product_brand":[],"product_cat":[342,120],"product_tag":[343],"class_list":{"0":"post-43518","1":"product","2":"type-product","3":"status-publish","4":"has-post-thumbnail","6":"product_cat-bolum-ve-departman-isimlikleri","7":"product_cat-kapi-isimlikleri","8":"product_tag-ar-ge","10":"first","11":"instock","12":"shipping-taxable","13":"purchasable","14":"product-type-variable","15":"has-default-attributes"},"_links":{"self":[{"href":"https:\/\/demo.filizdigital.com\/index.php\/wp-json\/wp\/v2\/product\/43518","targetHints":{"allow":["GET"]}}],"collection":[{"href":"https:\/\/demo.filizdigital.com\/index.php\/wp-json\/wp\/v2\/product"}],"about":[{"href":"https:\/\/demo.filizdigital.com\/index.php\/wp-json\/wp\/v2\/types\/product"}],"replies":[{"embeddable":true,"href":"https:\/\/demo.filizdigital.com\/index.php\/wp-json\/wp\/v2\/comments?post=43518"}],"wp:featuredmedia":[{"embeddable":true,"href":"https:\/\/demo.filizdigital.com\/index.php\/wp-json\/wp\/v2\/media\/43542"}],"wp:attachment":[{"href":"https:\/\/demo.filizdigital.com\/index.php\/wp-json\/wp\/v2\/media?parent=43518"}],"wp:term":[{"taxonomy":"product_brand","embeddable":true,"href":"https:\/\/demo.filizdigital.com\/index.php\/wp-json\/wp\/v2\/product_brand?post=43518"},{"taxonomy":"product_cat","embeddable":true,"href":"https:\/\/demo.filizdigital.com\/index.php\/wp-json\/wp\/v2\/product_cat?post=43518"},{"taxonomy":"product_tag","embeddable":true,"href":"https:\/\/demo.filizdigital.com\/index.php\/wp-json\/wp\/v2\/product_tag?post=43518"}],"curies":[{"name":"wp","href":"https:\/\/api.w.org\/{rel}","templated":true}]}}