{"id":43580,"date":"2025-12-14T09:23:45","date_gmt":"2025-12-14T06:23:45","guid":{"rendered":"https:\/\/demo.filizdigital.com\/?post_type=product&#038;p=43580"},"modified":"2025-12-14T09:23:54","modified_gmt":"2025-12-14T06:23:54","slug":"ariza-aninda-makina-durmadan-mudahalede-bulunma","status":"publish","type":"product","link":"https:\/\/demo.filizdigital.com\/index.php\/urun\/ariza-aninda-makina-durmadan-mudahalede-bulunma\/","title":{"rendered":"Ar\u0131za An\u0131nda Makina Durmadan M\u00fcdahalede Bulunma"},"content":{"rendered":"<h3>Ar\u0131za An\u0131nda Makina Durmadan M\u00fcdahalede Bulunma Uyar\u0131 Levhas\u0131. Tamir ve bak\u0131m ile ilgili t\u00fcm uyar\u0131 levhalar\u0131na <a class=\"kategori\" title=\"tamir bak\u0131m ve ar\u0131za uyar\u0131 levhalar\u0131\" href=\"https:\/\/uyarilevha.com\/product-category\/is-guvenlik-levhalari\/tamir-bakim-ve-ariza-uyarilari\/\">&#8220;bu kategoriden&#8221;<\/a> ula\u015fabilirsin.<\/h3>\n","protected":false},"excerpt":{"rendered":"<p>Ar\u0131za An\u0131nda Makina Durmadan M\u00fcdahalede Bulunma \u0130kaz Levhas\u0131<\/p>\n","protected":false},"featured_media":43595,"comment_status":"open","ping_status":"closed","template":"","meta":[],"product_brand":[],"product_cat":[245],"product_tag":[344,345,247],"class_list":{"0":"post-43580","1":"product","2":"type-product","3":"status-publish","4":"has-post-thumbnail","6":"product_cat-tamir-bakim-ve-ariza-uyarilari","7":"product_tag-bakim","8":"product_tag-makina","9":"product_tag-tamir","11":"first","12":"instock","13":"shipping-taxable","14":"purchasable","15":"product-type-variable","16":"has-default-attributes"},"_links":{"self":[{"href":"https:\/\/demo.filizdigital.com\/index.php\/wp-json\/wp\/v2\/product\/43580","targetHints":{"allow":["GET"]}}],"collection":[{"href":"https:\/\/demo.filizdigital.com\/index.php\/wp-json\/wp\/v2\/product"}],"about":[{"href":"https:\/\/demo.filizdigital.com\/index.php\/wp-json\/wp\/v2\/types\/product"}],"replies":[{"embeddable":true,"href":"https:\/\/demo.filizdigital.com\/index.php\/wp-json\/wp\/v2\/comments?post=43580"}],"wp:featuredmedia":[{"embeddable":true,"href":"https:\/\/demo.filizdigital.com\/index.php\/wp-json\/wp\/v2\/media\/43595"}],"wp:attachment":[{"href":"https:\/\/demo.filizdigital.com\/index.php\/wp-json\/wp\/v2\/media?parent=43580"}],"wp:term":[{"taxonomy":"product_brand","embeddable":true,"href":"https:\/\/demo.filizdigital.com\/index.php\/wp-json\/wp\/v2\/product_brand?post=43580"},{"taxonomy":"product_cat","embeddable":true,"href":"https:\/\/demo.filizdigital.com\/index.php\/wp-json\/wp\/v2\/product_cat?post=43580"},{"taxonomy":"product_tag","embeddable":true,"href":"https:\/\/demo.filizdigital.com\/index.php\/wp-json\/wp\/v2\/product_tag?post=43580"}],"curies":[{"name":"wp","href":"https:\/\/api.w.org\/{rel}","templated":true}]}}