{"id":43911,"date":"2025-12-14T09:24:27","date_gmt":"2025-12-14T06:24:27","guid":{"rendered":"https:\/\/demo.filizdigital.com\/?post_type=product&#038;p=43911"},"modified":"2025-12-14T09:24:34","modified_gmt":"2025-12-14T06:24:34","slug":"arizalidir","status":"publish","type":"product","link":"https:\/\/demo.filizdigital.com\/index.php\/urun\/arizalidir\/","title":{"rendered":"Ar\u0131zal\u0131d\u0131r"},"content":{"rendered":"<h3>Ar\u0131zal\u0131d\u0131r Uyar\u0131 Levhas\u0131. Tamir ve bak\u0131m ile ilgili t\u00fcm uyar\u0131 levhalar\u0131na <a class=\"kategori\" title=\"tamir bak\u0131m ve ar\u0131za uyar\u0131 levhalar\u0131\" href=\"https:\/\/uyarilevha.com\/product-category\/is-guvenlik-levhalari\/tamir-bakim-ve-ariza-uyarilari\/\">&#8220;bu kategoriden&#8221;<\/a> ula\u015fabilirsin.<\/h3>\n","protected":false},"excerpt":{"rendered":"<p>Ar\u0131zal\u0131d\u0131r \u0130kaz Levhas\u0131<\/p>\n","protected":false},"featured_media":43934,"comment_status":"open","ping_status":"closed","template":"","meta":[],"product_brand":[],"product_cat":[245],"product_tag":[346],"class_list":{"0":"post-43911","1":"product","2":"type-product","3":"status-publish","4":"has-post-thumbnail","6":"product_cat-tamir-bakim-ve-ariza-uyarilari","7":"product_tag-ariza","9":"first","10":"instock","11":"shipping-taxable","12":"purchasable","13":"product-type-variable","14":"has-default-attributes"},"_links":{"self":[{"href":"https:\/\/demo.filizdigital.com\/index.php\/wp-json\/wp\/v2\/product\/43911","targetHints":{"allow":["GET"]}}],"collection":[{"href":"https:\/\/demo.filizdigital.com\/index.php\/wp-json\/wp\/v2\/product"}],"about":[{"href":"https:\/\/demo.filizdigital.com\/index.php\/wp-json\/wp\/v2\/types\/product"}],"replies":[{"embeddable":true,"href":"https:\/\/demo.filizdigital.com\/index.php\/wp-json\/wp\/v2\/comments?post=43911"}],"wp:featuredmedia":[{"embeddable":true,"href":"https:\/\/demo.filizdigital.com\/index.php\/wp-json\/wp\/v2\/media\/43934"}],"wp:attachment":[{"href":"https:\/\/demo.filizdigital.com\/index.php\/wp-json\/wp\/v2\/media?parent=43911"}],"wp:term":[{"taxonomy":"product_brand","embeddable":true,"href":"https:\/\/demo.filizdigital.com\/index.php\/wp-json\/wp\/v2\/product_brand?post=43911"},{"taxonomy":"product_cat","embeddable":true,"href":"https:\/\/demo.filizdigital.com\/index.php\/wp-json\/wp\/v2\/product_cat?post=43911"},{"taxonomy":"product_tag","embeddable":true,"href":"https:\/\/demo.filizdigital.com\/index.php\/wp-json\/wp\/v2\/product_tag?post=43911"}],"curies":[{"name":"wp","href":"https:\/\/api.w.org\/{rel}","templated":true}]}}