{"id":44005,"date":"2025-12-14T09:24:39","date_gmt":"2025-12-14T06:24:39","guid":{"rendered":"https:\/\/demo.filizdigital.com\/?post_type=product&#038;p=44005"},"modified":"2025-12-14T09:24:46","modified_gmt":"2025-12-14T06:24:46","slug":"arizali-forklift-ile-calismayiniz","status":"publish","type":"product","link":"https:\/\/demo.filizdigital.com\/index.php\/urun\/arizali-forklift-ile-calismayiniz\/","title":{"rendered":"Ar\u0131zal\u0131 Forklift \u0130le \u00c7al\u0131\u015fmay\u0131n\u0131z"},"content":{"rendered":"<h3>Ar\u0131zal\u0131 Forklift \u0130le \u00c7al\u0131\u015fmay\u0131n\u0131z Uyar\u0131 Levhas\u0131. Tamir ve bak\u0131m ile ilgili t\u00fcm uyar\u0131 levhalar\u0131na <a class=\"kategori\" title=\"tamirhane uyar\u0131 levhalar\u0131\" href=\"https:\/\/uyarilevha.com\/product-category\/is-guvenlik-levhalari\/tamirhane-uyari-levhalari\/\">&#8220;bu kategoriden&#8221;<\/a> ula\u015fabilirsin.<\/h3>\n","protected":false},"excerpt":{"rendered":"<p>Ar\u0131zal\u0131 Forklift \u0130le \u00c7al\u0131\u015fmay\u0131n\u0131z \u0130kaz Levhas\u0131<\/p>\n","protected":false},"featured_media":44026,"comment_status":"open","ping_status":"closed","template":"","meta":[],"product_brand":[],"product_cat":[108,245],"product_tag":[346,110],"class_list":{"0":"post-44005","1":"product","2":"type-product","3":"status-publish","4":"has-post-thumbnail","6":"product_cat-forklift-uyari-levhalari","7":"product_cat-tamir-bakim-ve-ariza-uyarilari","8":"product_tag-ariza","9":"product_tag-forklift","11":"first","12":"instock","13":"shipping-taxable","14":"purchasable","15":"product-type-variable","16":"has-default-attributes"},"_links":{"self":[{"href":"https:\/\/demo.filizdigital.com\/index.php\/wp-json\/wp\/v2\/product\/44005","targetHints":{"allow":["GET"]}}],"collection":[{"href":"https:\/\/demo.filizdigital.com\/index.php\/wp-json\/wp\/v2\/product"}],"about":[{"href":"https:\/\/demo.filizdigital.com\/index.php\/wp-json\/wp\/v2\/types\/product"}],"replies":[{"embeddable":true,"href":"https:\/\/demo.filizdigital.com\/index.php\/wp-json\/wp\/v2\/comments?post=44005"}],"wp:featuredmedia":[{"embeddable":true,"href":"https:\/\/demo.filizdigital.com\/index.php\/wp-json\/wp\/v2\/media\/44026"}],"wp:attachment":[{"href":"https:\/\/demo.filizdigital.com\/index.php\/wp-json\/wp\/v2\/media?parent=44005"}],"wp:term":[{"taxonomy":"product_brand","embeddable":true,"href":"https:\/\/demo.filizdigital.com\/index.php\/wp-json\/wp\/v2\/product_brand?post=44005"},{"taxonomy":"product_cat","embeddable":true,"href":"https:\/\/demo.filizdigital.com\/index.php\/wp-json\/wp\/v2\/product_cat?post=44005"},{"taxonomy":"product_tag","embeddable":true,"href":"https:\/\/demo.filizdigital.com\/index.php\/wp-json\/wp\/v2\/product_tag?post=44005"}],"curies":[{"name":"wp","href":"https:\/\/api.w.org\/{rel}","templated":true}]}}