{"id":44332,"date":"2025-12-14T09:25:21","date_gmt":"2025-12-14T06:25:21","guid":{"rendered":"https:\/\/demo.filizdigital.com\/?post_type=product&#038;p=44332"},"modified":"2025-12-14T09:25:28","modified_gmt":"2025-12-14T06:25:28","slug":"ariza-var-calistirma-yetkili-personel","status":"publish","type":"product","link":"https:\/\/demo.filizdigital.com\/index.php\/urun\/ariza-var-calistirma-yetkili-personel\/","title":{"rendered":"Ar\u0131za Var \u00c7al\u0131\u015ft\u0131rma Yetkili Personel"},"content":{"rendered":"<h3>Ar\u0131za Var \u00c7al\u0131\u015ft\u0131rma Yetkili Personel Uyar\u0131 Levhas\u0131. Tamir bak\u0131m ve ar\u0131za ile ilgili t\u00fcm uyar\u0131 levhalar\u0131na <a class=\"kategori\" title=\"tamir bak\u0131m ve ar\u0131za uyar\u0131 levhalar\u0131\" href=\"https:\/\/uyarilevha.com\/product-category\/is-guvenlik-levhalari\/tamir-bakim-ve-ariza-uyarilari\/\">&#8220;bu kategoriden&#8221;<\/a> ula\u015fabilirsin.<\/h3>\n","protected":false},"excerpt":{"rendered":"<p>Ar\u0131za Var \u00c7al\u0131\u015ft\u0131rma Yetkili Personel \u0130kaz Levhas\u0131<\/p>\n","protected":false},"featured_media":44361,"comment_status":"open","ping_status":"closed","template":"","meta":[],"product_brand":[],"product_cat":[245],"product_tag":[346],"class_list":{"0":"post-44332","1":"product","2":"type-product","3":"status-publish","4":"has-post-thumbnail","6":"product_cat-tamir-bakim-ve-ariza-uyarilari","7":"product_tag-ariza","9":"first","10":"instock","11":"shipping-taxable","12":"purchasable","13":"product-type-variable","14":"has-default-attributes"},"_links":{"self":[{"href":"https:\/\/demo.filizdigital.com\/index.php\/wp-json\/wp\/v2\/product\/44332","targetHints":{"allow":["GET"]}}],"collection":[{"href":"https:\/\/demo.filizdigital.com\/index.php\/wp-json\/wp\/v2\/product"}],"about":[{"href":"https:\/\/demo.filizdigital.com\/index.php\/wp-json\/wp\/v2\/types\/product"}],"replies":[{"embeddable":true,"href":"https:\/\/demo.filizdigital.com\/index.php\/wp-json\/wp\/v2\/comments?post=44332"}],"wp:featuredmedia":[{"embeddable":true,"href":"https:\/\/demo.filizdigital.com\/index.php\/wp-json\/wp\/v2\/media\/44361"}],"wp:attachment":[{"href":"https:\/\/demo.filizdigital.com\/index.php\/wp-json\/wp\/v2\/media?parent=44332"}],"wp:term":[{"taxonomy":"product_brand","embeddable":true,"href":"https:\/\/demo.filizdigital.com\/index.php\/wp-json\/wp\/v2\/product_brand?post=44332"},{"taxonomy":"product_cat","embeddable":true,"href":"https:\/\/demo.filizdigital.com\/index.php\/wp-json\/wp\/v2\/product_cat?post=44332"},{"taxonomy":"product_tag","embeddable":true,"href":"https:\/\/demo.filizdigital.com\/index.php\/wp-json\/wp\/v2\/product_tag?post=44332"}],"curies":[{"name":"wp","href":"https:\/\/api.w.org\/{rel}","templated":true}]}}