{"id":44520,"date":"2025-12-14T09:25:43","date_gmt":"2025-12-14T06:25:43","guid":{"rendered":"https:\/\/demo.filizdigital.com\/?post_type=product&#038;p=44520"},"modified":"2025-12-14T09:26:00","modified_gmt":"2025-12-14T06:26:00","slug":"ariza-ve-hasardan-amirinizi-haberdar-ediniz","status":"publish","type":"product","link":"https:\/\/demo.filizdigital.com\/index.php\/urun\/ariza-ve-hasardan-amirinizi-haberdar-ediniz\/","title":{"rendered":"Ar\u0131za ve Hasardan Amirinizi Haberdar Ediniz"},"content":{"rendered":"<h3>Ar\u0131za ve Hasardan Amirinizi Haberdar Ediniz Uyar\u0131 Levhas\u0131. Tamir bak\u0131m ve ar\u0131za ile ilgili t\u00fcm uyar\u0131 levhalar\u0131na <a class=\"kategori\" title=\"tamir bak\u0131m ve ar\u0131za uyar\u0131 levhalar\u0131\" href=\"https:\/\/uyarilevha.com\/product-category\/is-guvenlik-levhalari\/tamir-bakim-ve-ariza-uyarilari\/\">&#8220;bu kategoriden&#8221;<\/a> ula\u015fabilirsin.<\/h3>\n","protected":false},"excerpt":{"rendered":"<p>Ar\u0131za ve Hasardan Amirinizi Haberdar Ediniz \u0130kaz Levhas\u0131<\/p>\n","protected":false},"featured_media":44545,"comment_status":"open","ping_status":"closed","template":"","meta":[],"product_brand":[],"product_cat":[245],"product_tag":[346,327],"class_list":{"0":"post-44520","1":"product","2":"type-product","3":"status-publish","4":"has-post-thumbnail","6":"product_cat-tamir-bakim-ve-ariza-uyarilari","7":"product_tag-ariza","8":"product_tag-hasar","10":"first","11":"instock","12":"shipping-taxable","13":"purchasable","14":"product-type-variable","15":"has-default-attributes"},"_links":{"self":[{"href":"https:\/\/demo.filizdigital.com\/index.php\/wp-json\/wp\/v2\/product\/44520","targetHints":{"allow":["GET"]}}],"collection":[{"href":"https:\/\/demo.filizdigital.com\/index.php\/wp-json\/wp\/v2\/product"}],"about":[{"href":"https:\/\/demo.filizdigital.com\/index.php\/wp-json\/wp\/v2\/types\/product"}],"replies":[{"embeddable":true,"href":"https:\/\/demo.filizdigital.com\/index.php\/wp-json\/wp\/v2\/comments?post=44520"}],"wp:featuredmedia":[{"embeddable":true,"href":"https:\/\/demo.filizdigital.com\/index.php\/wp-json\/wp\/v2\/media\/44545"}],"wp:attachment":[{"href":"https:\/\/demo.filizdigital.com\/index.php\/wp-json\/wp\/v2\/media?parent=44520"}],"wp:term":[{"taxonomy":"product_brand","embeddable":true,"href":"https:\/\/demo.filizdigital.com\/index.php\/wp-json\/wp\/v2\/product_brand?post=44520"},{"taxonomy":"product_cat","embeddable":true,"href":"https:\/\/demo.filizdigital.com\/index.php\/wp-json\/wp\/v2\/product_cat?post=44520"},{"taxonomy":"product_tag","embeddable":true,"href":"https:\/\/demo.filizdigital.com\/index.php\/wp-json\/wp\/v2\/product_tag?post=44520"}],"curies":[{"name":"wp","href":"https:\/\/api.w.org\/{rel}","templated":true}]}}