{"id":44567,"date":"2025-12-14T09:25:48","date_gmt":"2025-12-14T06:25:48","guid":{"rendered":"https:\/\/demo.filizdigital.com\/?post_type=product&#038;p=44567"},"modified":"2025-12-14T09:26:05","modified_gmt":"2025-12-14T06:26:05","slug":"arsiv-kapi-isimligi","status":"publish","type":"product","link":"https:\/\/demo.filizdigital.com\/index.php\/urun\/arsiv-kapi-isimligi\/","title":{"rendered":"Ar\u015fiv Kap\u0131 \u0130simli\u011fi"},"content":{"rendered":"<p>Ar\u015fiv Kap\u0131 \u0130simli\u011fi<\/p>\n","protected":false},"excerpt":{"rendered":"<p>Ar\u015fiv Kap\u0131 \u0130simli\u011fi<\/p>\n","protected":false},"featured_media":44576,"comment_status":"open","ping_status":"closed","template":"","meta":[],"product_brand":[],"product_cat":[342,120],"product_tag":[357],"class_list":{"0":"post-44567","1":"product","2":"type-product","3":"status-publish","4":"has-post-thumbnail","6":"product_cat-bolum-ve-departman-isimlikleri","7":"product_cat-kapi-isimlikleri","8":"product_tag-arsiv","9":"product_shipping_class-normal","11":"first","12":"instock","13":"shipping-taxable","14":"purchasable","15":"product-type-variable","16":"has-default-attributes"},"_links":{"self":[{"href":"https:\/\/demo.filizdigital.com\/index.php\/wp-json\/wp\/v2\/product\/44567","targetHints":{"allow":["GET"]}}],"collection":[{"href":"https:\/\/demo.filizdigital.com\/index.php\/wp-json\/wp\/v2\/product"}],"about":[{"href":"https:\/\/demo.filizdigital.com\/index.php\/wp-json\/wp\/v2\/types\/product"}],"replies":[{"embeddable":true,"href":"https:\/\/demo.filizdigital.com\/index.php\/wp-json\/wp\/v2\/comments?post=44567"}],"wp:featuredmedia":[{"embeddable":true,"href":"https:\/\/demo.filizdigital.com\/index.php\/wp-json\/wp\/v2\/media\/44576"}],"wp:attachment":[{"href":"https:\/\/demo.filizdigital.com\/index.php\/wp-json\/wp\/v2\/media?parent=44567"}],"wp:term":[{"taxonomy":"product_brand","embeddable":true,"href":"https:\/\/demo.filizdigital.com\/index.php\/wp-json\/wp\/v2\/product_brand?post=44567"},{"taxonomy":"product_cat","embeddable":true,"href":"https:\/\/demo.filizdigital.com\/index.php\/wp-json\/wp\/v2\/product_cat?post=44567"},{"taxonomy":"product_tag","embeddable":true,"href":"https:\/\/demo.filizdigital.com\/index.php\/wp-json\/wp\/v2\/product_tag?post=44567"}],"curies":[{"name":"wp","href":"https:\/\/api.w.org\/{rel}","templated":true}]}}