{"id":44645,"date":"2025-12-14T09:26:08","date_gmt":"2025-12-14T06:26:08","guid":{"rendered":"https:\/\/demo.filizdigital.com\/?post_type=product&#038;p=44645"},"modified":"2025-12-14T09:26:18","modified_gmt":"2025-12-14T06:26:18","slug":"asagida-gaz-hatti-var-kazi-yapmayin","status":"publish","type":"product","link":"https:\/\/demo.filizdigital.com\/index.php\/urun\/asagida-gaz-hatti-var-kazi-yapmayin\/","title":{"rendered":"A\u015fa\u011f\u0131da Gaz Hatt\u0131 Var Kaz\u0131 Yapmay\u0131n"},"content":{"rendered":"<h3>A\u015fa\u011f\u0131da Gaz Hatt\u0131 Var Kaz\u0131 Yapmay\u0131n Uyar\u0131 Levhas\u0131. Yan\u0131c\u0131 patlay\u0131c\u0131 tehlike ile ilgili t\u00fcm uyar\u0131 levhalar\u0131na <a class=\"kategori\" title=\"yan\u0131c\u0131 patlay\u0131c\u0131 tehlike i\u015f g\u00fcvenlik levhalar\u0131\" href=\"https:\/\/uyarilevha.com\/product-category\/is-guvenlik-levhalari\/yanici-patlayici-tehlike-levhalari\/\">&#8220;bu kategoriden&#8221;<\/a> ula\u015fabilirsin.<\/h3>\n","protected":false},"excerpt":{"rendered":"<p>A\u015fa\u011f\u0131da Gaz Hatt\u0131 Var Kaz\u0131 Yapmay\u0131n \u0130kaz Levhas\u0131<\/p>\n","protected":false},"featured_media":44652,"comment_status":"open","ping_status":"closed","template":"","meta":[],"product_brand":[],"product_cat":[359],"product_tag":[355,360,361],"class_list":{"0":"post-44645","1":"product","2":"type-product","3":"status-publish","4":"has-post-thumbnail","6":"product_cat-yanici-patlayici-tehlike-levhalari","7":"product_tag-gaz","8":"product_tag-hat","9":"product_tag-kazi","11":"first","12":"instock","13":"shipping-taxable","14":"purchasable","15":"product-type-variable","16":"has-default-attributes"},"_links":{"self":[{"href":"https:\/\/demo.filizdigital.com\/index.php\/wp-json\/wp\/v2\/product\/44645","targetHints":{"allow":["GET"]}}],"collection":[{"href":"https:\/\/demo.filizdigital.com\/index.php\/wp-json\/wp\/v2\/product"}],"about":[{"href":"https:\/\/demo.filizdigital.com\/index.php\/wp-json\/wp\/v2\/types\/product"}],"replies":[{"embeddable":true,"href":"https:\/\/demo.filizdigital.com\/index.php\/wp-json\/wp\/v2\/comments?post=44645"}],"wp:featuredmedia":[{"embeddable":true,"href":"https:\/\/demo.filizdigital.com\/index.php\/wp-json\/wp\/v2\/media\/44652"}],"wp:attachment":[{"href":"https:\/\/demo.filizdigital.com\/index.php\/wp-json\/wp\/v2\/media?parent=44645"}],"wp:term":[{"taxonomy":"product_brand","embeddable":true,"href":"https:\/\/demo.filizdigital.com\/index.php\/wp-json\/wp\/v2\/product_brand?post=44645"},{"taxonomy":"product_cat","embeddable":true,"href":"https:\/\/demo.filizdigital.com\/index.php\/wp-json\/wp\/v2\/product_cat?post=44645"},{"taxonomy":"product_tag","embeddable":true,"href":"https:\/\/demo.filizdigital.com\/index.php\/wp-json\/wp\/v2\/product_tag?post=44645"}],"curies":[{"name":"wp","href":"https:\/\/api.w.org\/{rel}","templated":true}]}}