{"id":44692,"date":"2025-12-14T09:26:15","date_gmt":"2025-12-14T06:26:15","guid":{"rendered":"https:\/\/demo.filizdigital.com\/?post_type=product&#038;p=44692"},"modified":"2025-12-14T09:26:23","modified_gmt":"2025-12-14T06:26:23","slug":"asagi-inmek-tehlikeli-ve-yasaktir","status":"publish","type":"product","link":"https:\/\/demo.filizdigital.com\/index.php\/urun\/asagi-inmek-tehlikeli-ve-yasaktir\/","title":{"rendered":"A\u015fa\u011f\u0131 \u0130nmek Tehlikeli ve Yasakt\u0131r"},"content":{"rendered":"<h3>A\u015fa\u011f\u0131 \u0130nmek Tehlikeli ve Yasakt\u0131r Uyar\u0131 Levhas\u0131. Giri\u015f ve \u00e7\u0131k\u0131\u015f ile ilgili t\u00fcm uyar\u0131 levhalar\u0131na <a class=\"kategori\" title=\"giri\u015f ve \u00e7\u0131k\u0131\u015f uyar\u0131lar\u0131\" href=\"https:\/\/uyarilevha.com\/product-category\/is-guvenlik-levhalari\/giris-ve-cikis-uyarilari\/\">\u201cbu kategoriden\u201d<\/a>\u00a0ula\u015fabilirsin.<\/h3>\n","protected":false},"excerpt":{"rendered":"<p>A\u015fa\u011f\u0131 \u0130nmek Tehlikeli ve Yasakt\u0131r \u0130kaz Levhas\u0131<\/p>\n","protected":false},"featured_media":44713,"comment_status":"open","ping_status":"closed","template":"","meta":[],"product_brand":[],"product_cat":[322],"product_tag":[],"class_list":{"0":"post-44692","1":"product","2":"type-product","3":"status-publish","4":"has-post-thumbnail","6":"product_cat-giris-ve-cikis-uyarilari","8":"first","9":"instock","10":"shipping-taxable","11":"purchasable","12":"product-type-variable","13":"has-default-attributes"},"_links":{"self":[{"href":"https:\/\/demo.filizdigital.com\/index.php\/wp-json\/wp\/v2\/product\/44692","targetHints":{"allow":["GET"]}}],"collection":[{"href":"https:\/\/demo.filizdigital.com\/index.php\/wp-json\/wp\/v2\/product"}],"about":[{"href":"https:\/\/demo.filizdigital.com\/index.php\/wp-json\/wp\/v2\/types\/product"}],"replies":[{"embeddable":true,"href":"https:\/\/demo.filizdigital.com\/index.php\/wp-json\/wp\/v2\/comments?post=44692"}],"wp:featuredmedia":[{"embeddable":true,"href":"https:\/\/demo.filizdigital.com\/index.php\/wp-json\/wp\/v2\/media\/44713"}],"wp:attachment":[{"href":"https:\/\/demo.filizdigital.com\/index.php\/wp-json\/wp\/v2\/media?parent=44692"}],"wp:term":[{"taxonomy":"product_brand","embeddable":true,"href":"https:\/\/demo.filizdigital.com\/index.php\/wp-json\/wp\/v2\/product_brand?post=44692"},{"taxonomy":"product_cat","embeddable":true,"href":"https:\/\/demo.filizdigital.com\/index.php\/wp-json\/wp\/v2\/product_cat?post=44692"},{"taxonomy":"product_tag","embeddable":true,"href":"https:\/\/demo.filizdigital.com\/index.php\/wp-json\/wp\/v2\/product_tag?post=44692"}],"curies":[{"name":"wp","href":"https:\/\/api.w.org\/{rel}","templated":true}]}}