{"id":44739,"date":"2025-12-14T09:26:20","date_gmt":"2025-12-14T06:26:20","guid":{"rendered":"https:\/\/demo.filizdigital.com\/?post_type=product&#038;p=44739"},"modified":"2025-12-14T09:26:26","modified_gmt":"2025-12-14T06:26:26","slug":"ok-isareti-uyari-levhasi","status":"publish","type":"product","link":"https:\/\/demo.filizdigital.com\/index.php\/urun\/ok-isareti-uyari-levhasi\/","title":{"rendered":"Ok \u0130\u015fareti Uyar\u0131 Levhas\u0131"},"content":{"rendered":"<p>Ok \u0130\u015fareti Uyar\u0131 Levhas\u0131. Yuvarlak metal y\u00f6nlendirme ok levha. Dilerseniz fotol\u00fcmenli veya reflekt\u00f6rl\u00fc bask\u0131 se\u00e7ene\u011fi ile.<\/p>\n","protected":false},"excerpt":{"rendered":"<p>Ok \u0130\u015fareti Uyar\u0131 Levhas\u0131<\/p>\n","protected":false},"featured_media":44744,"comment_status":"open","ping_status":"closed","template":"","meta":[],"product_brand":[],"product_cat":[119,362],"product_tag":[],"class_list":{"0":"post-44739","1":"product","2":"type-product","3":"status-publish","4":"has-post-thumbnail","6":"product_cat-site-ve-apartman-yonetimi-levhalari","7":"product_cat-yonlendirme-levhalari","9":"first","10":"instock","11":"shipping-taxable","12":"purchasable","13":"product-type-variable","14":"has-default-attributes"},"_links":{"self":[{"href":"https:\/\/demo.filizdigital.com\/index.php\/wp-json\/wp\/v2\/product\/44739","targetHints":{"allow":["GET"]}}],"collection":[{"href":"https:\/\/demo.filizdigital.com\/index.php\/wp-json\/wp\/v2\/product"}],"about":[{"href":"https:\/\/demo.filizdigital.com\/index.php\/wp-json\/wp\/v2\/types\/product"}],"replies":[{"embeddable":true,"href":"https:\/\/demo.filizdigital.com\/index.php\/wp-json\/wp\/v2\/comments?post=44739"}],"wp:featuredmedia":[{"embeddable":true,"href":"https:\/\/demo.filizdigital.com\/index.php\/wp-json\/wp\/v2\/media\/44744"}],"wp:attachment":[{"href":"https:\/\/demo.filizdigital.com\/index.php\/wp-json\/wp\/v2\/media?parent=44739"}],"wp:term":[{"taxonomy":"product_brand","embeddable":true,"href":"https:\/\/demo.filizdigital.com\/index.php\/wp-json\/wp\/v2\/product_brand?post=44739"},{"taxonomy":"product_cat","embeddable":true,"href":"https:\/\/demo.filizdigital.com\/index.php\/wp-json\/wp\/v2\/product_cat?post=44739"},{"taxonomy":"product_tag","embeddable":true,"href":"https:\/\/demo.filizdigital.com\/index.php\/wp-json\/wp\/v2\/product_tag?post=44739"}],"curies":[{"name":"wp","href":"https:\/\/api.w.org\/{rel}","templated":true}]}}