{"id":44869,"date":"2025-12-14T09:26:37","date_gmt":"2025-12-14T06:26:37","guid":{"rendered":"https:\/\/demo.filizdigital.com\/?post_type=product&#038;p=44869"},"modified":"2025-12-14T09:26:44","modified_gmt":"2025-12-14T06:26:44","slug":"asansor-7-24-kamera-ile-izlenmekte-kayit-altina-alinmaktadir","status":"publish","type":"product","link":"https:\/\/demo.filizdigital.com\/index.php\/urun\/asansor-7-24-kamera-ile-izlenmekte-kayit-altina-alinmaktadir\/","title":{"rendered":"Asans\u00f6r 7\/24 Kamera \u0130le \u0130zlenmekte Kay\u0131t Alt\u0131na Al\u0131nmaktad\u0131r"},"content":{"rendered":"<h3>Asans\u00f6r 7\/24 Kamera \u0130le \u0130zlenmekte Kay\u0131t Alt\u0131na Al\u0131nmaktad\u0131r Uyar\u0131 Levhas\u0131. Asans\u00f6r ile ilgili t\u00fcm uyar\u0131 levhalar\u0131na <a class=\"kategori\" title=\"asans\u00f6r uyar\u0131 levhalar\u0131\" href=\"https:\/\/uyarilevha.com\/product-category\/is-guvenlik-levhalari\/asansor-uyari-levhalari\/\">\u201cbu kategoriden\u201d<\/a>\u00a0ula\u015fabilirsin.<\/h3>\n","protected":false},"excerpt":{"rendered":"<p>Asans\u00f6r 7\/24 Kamera \u0130le \u0130zlenmekte Kay\u0131t Alt\u0131na Al\u0131nmaktad\u0131r \u0130kaz Levhas\u0131<\/p>\n","protected":false},"featured_media":44897,"comment_status":"open","ping_status":"closed","template":"","meta":[],"product_brand":[],"product_cat":[369,119],"product_tag":[370,372,373],"class_list":{"0":"post-44869","1":"product","2":"type-product","3":"status-publish","4":"has-post-thumbnail","6":"product_cat-asansor-uyari-levhalari","7":"product_cat-site-ve-apartman-yonetimi-levhalari","8":"product_tag-asansor","9":"product_tag-kamera","10":"product_tag-kayit","12":"first","13":"instock","14":"shipping-taxable","15":"purchasable","16":"product-type-variable","17":"has-default-attributes"},"_links":{"self":[{"href":"https:\/\/demo.filizdigital.com\/index.php\/wp-json\/wp\/v2\/product\/44869","targetHints":{"allow":["GET"]}}],"collection":[{"href":"https:\/\/demo.filizdigital.com\/index.php\/wp-json\/wp\/v2\/product"}],"about":[{"href":"https:\/\/demo.filizdigital.com\/index.php\/wp-json\/wp\/v2\/types\/product"}],"replies":[{"embeddable":true,"href":"https:\/\/demo.filizdigital.com\/index.php\/wp-json\/wp\/v2\/comments?post=44869"}],"wp:featuredmedia":[{"embeddable":true,"href":"https:\/\/demo.filizdigital.com\/index.php\/wp-json\/wp\/v2\/media\/44897"}],"wp:attachment":[{"href":"https:\/\/demo.filizdigital.com\/index.php\/wp-json\/wp\/v2\/media?parent=44869"}],"wp:term":[{"taxonomy":"product_brand","embeddable":true,"href":"https:\/\/demo.filizdigital.com\/index.php\/wp-json\/wp\/v2\/product_brand?post=44869"},{"taxonomy":"product_cat","embeddable":true,"href":"https:\/\/demo.filizdigital.com\/index.php\/wp-json\/wp\/v2\/product_cat?post=44869"},{"taxonomy":"product_tag","embeddable":true,"href":"https:\/\/demo.filizdigital.com\/index.php\/wp-json\/wp\/v2\/product_tag?post=44869"}],"curies":[{"name":"wp","href":"https:\/\/api.w.org\/{rel}","templated":true}]}}