{"id":44916,"date":"2025-12-14T09:26:42","date_gmt":"2025-12-14T06:26:42","guid":{"rendered":"https:\/\/demo.filizdigital.com\/?post_type=product&#038;p=44916"},"modified":"2025-12-14T09:26:52","modified_gmt":"2025-12-14T06:26:52","slug":"asansor-boslugu-ve-yuksek-yerlerde-calisirken-emniyet-kemeri-kullan","status":"publish","type":"product","link":"https:\/\/demo.filizdigital.com\/index.php\/urun\/asansor-boslugu-ve-yuksek-yerlerde-calisirken-emniyet-kemeri-kullan\/","title":{"rendered":"Asans\u00f6r Bo\u015flu\u011fu ve Y\u00fcksek Yerlerde \u00c7al\u0131\u015f\u0131rken Emniyet Kemeri Kullan"},"content":{"rendered":"<h3>Asans\u00f6r Bo\u015flu\u011fu ve Y\u00fcksek Yerlerde \u00c7al\u0131\u015f\u0131rken Emniyet Kemeri Kullan Uyar\u0131 Levhas\u0131. Asans\u00f6r ile ilgili t\u00fcm uyar\u0131 levhalar\u0131na <a class=\"kategori\" title=\"asans\u00f6r uyar\u0131 levhalar\u0131\" href=\"https:\/\/uyarilevha.com\/product-category\/is-guvenlik-levhalari\/asansor-uyari-levhalari\/\">\u201cbu kategoriden\u201d<\/a>\u00a0ula\u015fabilirsin.<\/h3>\n","protected":false},"excerpt":{"rendered":"<p>Asans\u00f6r Bo\u015flu\u011fu ve Y\u00fcksek Yerlerde \u00c7al\u0131\u015f\u0131rken Emniyet Kemeri Kullan\u00a0\u0130kaz Levhas\u0131<\/p>\n","protected":false},"featured_media":44928,"comment_status":"open","ping_status":"closed","template":"","meta":[],"product_brand":[],"product_cat":[369,96],"product_tag":[370,97],"class_list":{"0":"post-44916","1":"product","2":"type-product","3":"status-publish","4":"has-post-thumbnail","6":"product_cat-asansor-uyari-levhalari","7":"product_cat-yukseklik-emniyet-kemeri","8":"product_tag-asansor","9":"product_tag-kemer","11":"first","12":"instock","13":"shipping-taxable","14":"purchasable","15":"product-type-variable","16":"has-default-attributes"},"_links":{"self":[{"href":"https:\/\/demo.filizdigital.com\/index.php\/wp-json\/wp\/v2\/product\/44916","targetHints":{"allow":["GET"]}}],"collection":[{"href":"https:\/\/demo.filizdigital.com\/index.php\/wp-json\/wp\/v2\/product"}],"about":[{"href":"https:\/\/demo.filizdigital.com\/index.php\/wp-json\/wp\/v2\/types\/product"}],"replies":[{"embeddable":true,"href":"https:\/\/demo.filizdigital.com\/index.php\/wp-json\/wp\/v2\/comments?post=44916"}],"wp:featuredmedia":[{"embeddable":true,"href":"https:\/\/demo.filizdigital.com\/index.php\/wp-json\/wp\/v2\/media\/44928"}],"wp:attachment":[{"href":"https:\/\/demo.filizdigital.com\/index.php\/wp-json\/wp\/v2\/media?parent=44916"}],"wp:term":[{"taxonomy":"product_brand","embeddable":true,"href":"https:\/\/demo.filizdigital.com\/index.php\/wp-json\/wp\/v2\/product_brand?post=44916"},{"taxonomy":"product_cat","embeddable":true,"href":"https:\/\/demo.filizdigital.com\/index.php\/wp-json\/wp\/v2\/product_cat?post=44916"},{"taxonomy":"product_tag","embeddable":true,"href":"https:\/\/demo.filizdigital.com\/index.php\/wp-json\/wp\/v2\/product_tag?post=44916"}],"curies":[{"name":"wp","href":"https:\/\/api.w.org\/{rel}","templated":true}]}}