{"id":45292,"date":"2025-12-14T09:27:29","date_gmt":"2025-12-14T06:27:29","guid":{"rendered":"https:\/\/demo.filizdigital.com\/?post_type=product&#038;p=45292"},"modified":"2025-12-14T09:27:36","modified_gmt":"2025-12-14T06:27:36","slug":"asansore-yalnizca-1-kisi-binebilir","status":"publish","type":"product","link":"https:\/\/demo.filizdigital.com\/index.php\/urun\/asansore-yalnizca-1-kisi-binebilir\/","title":{"rendered":"Asans\u00f6re Yaln\u0131zca 1 Ki\u015fi Binebilir"},"content":{"rendered":"<p>Asans\u00f6re Yaln\u0131zca 1 Ki\u015fi Binebilir Yer veya D\u00fcz Zemin Etiketi<\/p>\n","protected":false},"excerpt":{"rendered":"<p>Asans\u00f6re Yaln\u0131zca 1 Ki\u015fi Binebilir Yer veya D\u00fcz Zemin Etiketi<\/p>\n","protected":false},"featured_media":45296,"comment_status":"open","ping_status":"closed","template":"","meta":[],"product_brand":[],"product_cat":[377],"product_tag":[370],"class_list":{"0":"post-45292","1":"product","2":"type-product","3":"status-publish","4":"has-post-thumbnail","6":"product_cat-yer-ve-zemin-etiketleri","7":"product_tag-asansor","9":"first","10":"instock","11":"shipping-taxable","12":"purchasable","13":"product-type-variable","14":"has-default-attributes"},"_links":{"self":[{"href":"https:\/\/demo.filizdigital.com\/index.php\/wp-json\/wp\/v2\/product\/45292","targetHints":{"allow":["GET"]}}],"collection":[{"href":"https:\/\/demo.filizdigital.com\/index.php\/wp-json\/wp\/v2\/product"}],"about":[{"href":"https:\/\/demo.filizdigital.com\/index.php\/wp-json\/wp\/v2\/types\/product"}],"replies":[{"embeddable":true,"href":"https:\/\/demo.filizdigital.com\/index.php\/wp-json\/wp\/v2\/comments?post=45292"}],"wp:featuredmedia":[{"embeddable":true,"href":"https:\/\/demo.filizdigital.com\/index.php\/wp-json\/wp\/v2\/media\/45296"}],"wp:attachment":[{"href":"https:\/\/demo.filizdigital.com\/index.php\/wp-json\/wp\/v2\/media?parent=45292"}],"wp:term":[{"taxonomy":"product_brand","embeddable":true,"href":"https:\/\/demo.filizdigital.com\/index.php\/wp-json\/wp\/v2\/product_brand?post=45292"},{"taxonomy":"product_cat","embeddable":true,"href":"https:\/\/demo.filizdigital.com\/index.php\/wp-json\/wp\/v2\/product_cat?post=45292"},{"taxonomy":"product_tag","embeddable":true,"href":"https:\/\/demo.filizdigital.com\/index.php\/wp-json\/wp\/v2\/product_tag?post=45292"}],"curies":[{"name":"wp","href":"https:\/\/api.w.org\/{rel}","templated":true}]}}