{"id":45362,"date":"2025-12-14T09:27:39","date_gmt":"2025-12-14T06:27:39","guid":{"rendered":"https:\/\/demo.filizdigital.com\/?post_type=product&#038;p=45362"},"modified":"2025-12-14T09:27:47","modified_gmt":"2025-12-14T06:27:47","slug":"asansorde-yuk-ve-esya-tasimak-kesinlikle-yasaktir","status":"publish","type":"product","link":"https:\/\/demo.filizdigital.com\/index.php\/urun\/asansorde-yuk-ve-esya-tasimak-kesinlikle-yasaktir\/","title":{"rendered":"Asans\u00f6rde Y\u00fck ve E\u015fya Ta\u015f\u0131mak Kesinlikle Yasakt\u0131r"},"content":{"rendered":"<h3>Asans\u00f6rde Y\u00fck ve E\u015fya Ta\u015f\u0131mak Kesinlikle Yasakt\u0131r Uyar\u0131 Levhas\u0131. Asans\u00f6r ile ilgili t\u00fcm uyar\u0131 levhalar\u0131na <a class=\"kategori\" title=\"asans\u00f6r uyar\u0131 levhalar\u0131\" href=\"https:\/\/uyarilevha.com\/product-category\/is-guvenlik-levhalari\/asansor-uyari-levhalari\/\">\u201cbu kategoriden\u201d<\/a>\u00a0ula\u015fabilirsin.<\/h3>\n","protected":false},"excerpt":{"rendered":"<p>Asans\u00f6rde Y\u00fck ve E\u015fya Ta\u015f\u0131mak Kesinlikle Yasakt\u0131r \u0130kaz Levhas\u0131<\/p>\n","protected":false},"featured_media":45389,"comment_status":"open","ping_status":"closed","template":"","meta":[],"product_brand":[],"product_cat":[369,119],"product_tag":[370,380,238],"class_list":{"0":"post-45362","1":"product","2":"type-product","3":"status-publish","4":"has-post-thumbnail","6":"product_cat-asansor-uyari-levhalari","7":"product_cat-site-ve-apartman-yonetimi-levhalari","8":"product_tag-asansor","9":"product_tag-esya","10":"product_tag-yuk","12":"first","13":"instock","14":"shipping-taxable","15":"purchasable","16":"product-type-variable","17":"has-default-attributes"},"_links":{"self":[{"href":"https:\/\/demo.filizdigital.com\/index.php\/wp-json\/wp\/v2\/product\/45362","targetHints":{"allow":["GET"]}}],"collection":[{"href":"https:\/\/demo.filizdigital.com\/index.php\/wp-json\/wp\/v2\/product"}],"about":[{"href":"https:\/\/demo.filizdigital.com\/index.php\/wp-json\/wp\/v2\/types\/product"}],"replies":[{"embeddable":true,"href":"https:\/\/demo.filizdigital.com\/index.php\/wp-json\/wp\/v2\/comments?post=45362"}],"wp:featuredmedia":[{"embeddable":true,"href":"https:\/\/demo.filizdigital.com\/index.php\/wp-json\/wp\/v2\/media\/45389"}],"wp:attachment":[{"href":"https:\/\/demo.filizdigital.com\/index.php\/wp-json\/wp\/v2\/media?parent=45362"}],"wp:term":[{"taxonomy":"product_brand","embeddable":true,"href":"https:\/\/demo.filizdigital.com\/index.php\/wp-json\/wp\/v2\/product_brand?post=45362"},{"taxonomy":"product_cat","embeddable":true,"href":"https:\/\/demo.filizdigital.com\/index.php\/wp-json\/wp\/v2\/product_cat?post=45362"},{"taxonomy":"product_tag","embeddable":true,"href":"https:\/\/demo.filizdigital.com\/index.php\/wp-json\/wp\/v2\/product_tag?post=45362"}],"curies":[{"name":"wp","href":"https:\/\/api.w.org\/{rel}","templated":true}]}}