{"id":45597,"date":"2025-12-14T09:28:13","date_gmt":"2025-12-14T06:28:13","guid":{"rendered":"https:\/\/demo.filizdigital.com\/?post_type=product&#038;p=45597"},"modified":"2025-12-14T09:28:22","modified_gmt":"2025-12-14T06:28:22","slug":"asansoru-gorevlisinden-baskasinin-kullanmasi-yasaktir","status":"publish","type":"product","link":"https:\/\/demo.filizdigital.com\/index.php\/urun\/asansoru-gorevlisinden-baskasinin-kullanmasi-yasaktir\/","title":{"rendered":"Asans\u00f6r\u00fc G\u00f6revlisinden Ba\u015fkas\u0131n\u0131n Kullanmas\u0131 Yasakt\u0131r"},"content":{"rendered":"<h3>Asans\u00f6r\u00fc G\u00f6revlisinden Ba\u015fkas\u0131n\u0131n Kullanmas\u0131 Yasakt\u0131r Uyar\u0131 Levhas\u0131. Asans\u00f6r ile ilgili t\u00fcm uyar\u0131 levhalar\u0131na <a class=\"kategori\" title=\"asans\u00f6r uyar\u0131 levhalar\u0131\" href=\"https:\/\/uyarilevha.com\/product-category\/is-guvenlik-levhalari\/asansor-uyari-levhalari\/\">\u201cbu kategoriden\u201d<\/a>\u00a0ula\u015fabilirsin.<\/h3>\n","protected":false},"excerpt":{"rendered":"<p>Asans\u00f6r\u00fc G\u00f6revlisinden Ba\u015fkas\u0131n\u0131n Kullanmas\u0131 Yasakt\u0131r \u0130kaz Levhas\u0131<\/p>\n","protected":false},"featured_media":45603,"comment_status":"open","ping_status":"closed","template":"","meta":[],"product_brand":[],"product_cat":[369],"product_tag":[370],"class_list":{"0":"post-45597","1":"product","2":"type-product","3":"status-publish","4":"has-post-thumbnail","6":"product_cat-asansor-uyari-levhalari","7":"product_tag-asansor","9":"first","10":"instock","11":"shipping-taxable","12":"purchasable","13":"product-type-variable","14":"has-default-attributes"},"_links":{"self":[{"href":"https:\/\/demo.filizdigital.com\/index.php\/wp-json\/wp\/v2\/product\/45597","targetHints":{"allow":["GET"]}}],"collection":[{"href":"https:\/\/demo.filizdigital.com\/index.php\/wp-json\/wp\/v2\/product"}],"about":[{"href":"https:\/\/demo.filizdigital.com\/index.php\/wp-json\/wp\/v2\/types\/product"}],"replies":[{"embeddable":true,"href":"https:\/\/demo.filizdigital.com\/index.php\/wp-json\/wp\/v2\/comments?post=45597"}],"wp:featuredmedia":[{"embeddable":true,"href":"https:\/\/demo.filizdigital.com\/index.php\/wp-json\/wp\/v2\/media\/45603"}],"wp:attachment":[{"href":"https:\/\/demo.filizdigital.com\/index.php\/wp-json\/wp\/v2\/media?parent=45597"}],"wp:term":[{"taxonomy":"product_brand","embeddable":true,"href":"https:\/\/demo.filizdigital.com\/index.php\/wp-json\/wp\/v2\/product_brand?post=45597"},{"taxonomy":"product_cat","embeddable":true,"href":"https:\/\/demo.filizdigital.com\/index.php\/wp-json\/wp\/v2\/product_cat?post=45597"},{"taxonomy":"product_tag","embeddable":true,"href":"https:\/\/demo.filizdigital.com\/index.php\/wp-json\/wp\/v2\/product_tag?post=45597"}],"curies":[{"name":"wp","href":"https:\/\/api.w.org\/{rel}","templated":true}]}}