{"id":45785,"date":"2025-12-14T09:28:35","date_gmt":"2025-12-14T06:28:35","guid":{"rendered":"https:\/\/demo.filizdigital.com\/?post_type=product&#038;p=45785"},"modified":"2025-12-14T09:28:44","modified_gmt":"2025-12-14T06:28:44","slug":"asetilen","status":"publish","type":"product","link":"https:\/\/demo.filizdigital.com\/index.php\/urun\/asetilen\/","title":{"rendered":"Asetilen"},"content":{"rendered":"<h3>Asetilen Uyar\u0131 Levhas\u0131. Kimyasal maddeler ile ilgili uyar\u0131 ve ikaz levhalar\u0131 ile ilgili t\u00fcm uyar\u0131 levhalar\u0131na <a class=\"kategori\" title=\"kimyasal madde uyar\u0131 levhalar\u0131\" href=\"https:\/\/uyarilevha.com\/product-category\/is-guvenlik-levhalari\/kimyasal-madde-uyari-levhalari\/\">&#8220;bu kategoriden&#8221;<\/a> ula\u015fabilirsin.<\/h3>\n","protected":false},"excerpt":{"rendered":"<p>Asetilen \u0130kaz Levhas\u0131<\/p>\n","protected":false},"featured_media":45787,"comment_status":"open","ping_status":"closed","template":"","meta":[],"product_brand":[],"product_cat":[291],"product_tag":[381],"class_list":{"0":"post-45785","1":"product","2":"type-product","3":"status-publish","4":"has-post-thumbnail","6":"product_cat-kimyasal-madde-uyari-levhalari","7":"product_tag-asetilen","9":"first","10":"instock","11":"shipping-taxable","12":"purchasable","13":"product-type-variable","14":"has-default-attributes"},"_links":{"self":[{"href":"https:\/\/demo.filizdigital.com\/index.php\/wp-json\/wp\/v2\/product\/45785","targetHints":{"allow":["GET"]}}],"collection":[{"href":"https:\/\/demo.filizdigital.com\/index.php\/wp-json\/wp\/v2\/product"}],"about":[{"href":"https:\/\/demo.filizdigital.com\/index.php\/wp-json\/wp\/v2\/types\/product"}],"replies":[{"embeddable":true,"href":"https:\/\/demo.filizdigital.com\/index.php\/wp-json\/wp\/v2\/comments?post=45785"}],"wp:featuredmedia":[{"embeddable":true,"href":"https:\/\/demo.filizdigital.com\/index.php\/wp-json\/wp\/v2\/media\/45787"}],"wp:attachment":[{"href":"https:\/\/demo.filizdigital.com\/index.php\/wp-json\/wp\/v2\/media?parent=45785"}],"wp:term":[{"taxonomy":"product_brand","embeddable":true,"href":"https:\/\/demo.filizdigital.com\/index.php\/wp-json\/wp\/v2\/product_brand?post=45785"},{"taxonomy":"product_cat","embeddable":true,"href":"https:\/\/demo.filizdigital.com\/index.php\/wp-json\/wp\/v2\/product_cat?post=45785"},{"taxonomy":"product_tag","embeddable":true,"href":"https:\/\/demo.filizdigital.com\/index.php\/wp-json\/wp\/v2\/product_tag?post=45785"}],"curies":[{"name":"wp","href":"https:\/\/api.w.org\/{rel}","templated":true}]}}