{"id":45897,"date":"2025-12-14T09:28:49","date_gmt":"2025-12-14T06:28:49","guid":{"rendered":"https:\/\/demo.filizdigital.com\/?post_type=product&#038;p=45897"},"modified":"2025-12-14T09:29:14","modified_gmt":"2025-12-14T06:29:14","slug":"asili-yuklerin-altinda-durma","status":"publish","type":"product","link":"https:\/\/demo.filizdigital.com\/index.php\/urun\/asili-yuklerin-altinda-durma\/","title":{"rendered":"As\u0131l\u0131 Y\u00fcklerin Alt\u0131nda Durma"},"content":{"rendered":"<h3>As\u0131l\u0131 Y\u00fcklerin Alt\u0131nda Durma Uyar\u0131 Levhas\u0131. Vin\u00e7 i\u015f g\u00fcvenlik levhalar\u0131 ile ilgili t\u00fcm uyar\u0131 levhalar\u0131na <a class=\"kategori\" title=\"vin\u00e7 uyar\u0131 levhalar\u0131\" href=\"https:\/\/uyarilevha.com\/product-category\/is-guvenlik-levhalari\/vinc-uyari-levhalari\/\">&#8220;bu kategoriden&#8221;<\/a> ula\u015fabilirsin.<\/h3>\n","protected":false},"excerpt":{"rendered":"<p>As\u0131l\u0131 Y\u00fcklerin Alt\u0131nda Durma \u0130kaz Levhas\u0131<\/p>\n","protected":false},"featured_media":45986,"comment_status":"open","ping_status":"closed","template":"","meta":[],"product_brand":[],"product_cat":[386],"product_tag":[387,238],"class_list":{"0":"post-45897","1":"product","2":"type-product","3":"status-publish","4":"has-post-thumbnail","6":"product_cat-vinc-uyari-levhalari","7":"product_tag-vinc","8":"product_tag-yuk","10":"first","11":"instock","12":"shipping-taxable","13":"purchasable","14":"product-type-variable","15":"has-default-attributes"},"_links":{"self":[{"href":"https:\/\/demo.filizdigital.com\/index.php\/wp-json\/wp\/v2\/product\/45897","targetHints":{"allow":["GET"]}}],"collection":[{"href":"https:\/\/demo.filizdigital.com\/index.php\/wp-json\/wp\/v2\/product"}],"about":[{"href":"https:\/\/demo.filizdigital.com\/index.php\/wp-json\/wp\/v2\/types\/product"}],"replies":[{"embeddable":true,"href":"https:\/\/demo.filizdigital.com\/index.php\/wp-json\/wp\/v2\/comments?post=45897"}],"wp:featuredmedia":[{"embeddable":true,"href":"https:\/\/demo.filizdigital.com\/index.php\/wp-json\/wp\/v2\/media\/45986"}],"wp:attachment":[{"href":"https:\/\/demo.filizdigital.com\/index.php\/wp-json\/wp\/v2\/media?parent=45897"}],"wp:term":[{"taxonomy":"product_brand","embeddable":true,"href":"https:\/\/demo.filizdigital.com\/index.php\/wp-json\/wp\/v2\/product_brand?post=45897"},{"taxonomy":"product_cat","embeddable":true,"href":"https:\/\/demo.filizdigital.com\/index.php\/wp-json\/wp\/v2\/product_cat?post=45897"},{"taxonomy":"product_tag","embeddable":true,"href":"https:\/\/demo.filizdigital.com\/index.php\/wp-json\/wp\/v2\/product_tag?post=45897"}],"curies":[{"name":"wp","href":"https:\/\/api.w.org\/{rel}","templated":true}]}}