{"id":46053,"date":"2025-12-14T09:29:21","date_gmt":"2025-12-14T06:29:21","guid":{"rendered":"https:\/\/demo.filizdigital.com\/?post_type=product&#038;p=46053"},"modified":"2025-12-14T09:29:42","modified_gmt":"2025-12-14T06:29:42","slug":"asindirici-ve-sivi-madde-eldiven-kullan","status":"publish","type":"product","link":"https:\/\/demo.filizdigital.com\/index.php\/urun\/asindirici-ve-sivi-madde-eldiven-kullan\/","title":{"rendered":"A\u015f\u0131nd\u0131r\u0131c\u0131 ve S\u0131v\u0131 Madde Eldiven Kullan"},"content":{"rendered":"<h3>A\u015f\u0131nd\u0131r\u0131c\u0131 ve S\u0131v\u0131 Madde Eldiven Kullan Uyar\u0131 Levhas\u0131. Kimyasal maddeler ile ilgili uyar\u0131 ve ikaz levhalar\u0131 ile ilgili t\u00fcm uyar\u0131 levhalar\u0131na <a class=\"kategori\" title=\"kimyasal madde uyar\u0131 levhalar\u0131\" href=\"https:\/\/uyarilevha.com\/product-category\/is-guvenlik-levhalari\/kimyasal-madde-uyari-levhalari\/\">&#8220;bu kategoriden&#8221;<\/a> ula\u015fabilirsin.<\/h3>\n","protected":false},"excerpt":{"rendered":"<p>A\u015f\u0131nd\u0131r\u0131c\u0131 ve S\u0131v\u0131 Madde Eldiven Kullan \u0130kaz Levhas\u0131<\/p>\n","protected":false},"featured_media":46169,"comment_status":"open","ping_status":"closed","template":"","meta":[],"product_brand":[],"product_cat":[291],"product_tag":[388,389],"class_list":{"0":"post-46053","1":"product","2":"type-product","3":"status-publish","4":"has-post-thumbnail","6":"product_cat-kimyasal-madde-uyari-levhalari","7":"product_tag-asindirici","8":"product_tag-eldiven","10":"first","11":"instock","12":"shipping-taxable","13":"purchasable","14":"product-type-variable","15":"has-default-attributes"},"_links":{"self":[{"href":"https:\/\/demo.filizdigital.com\/index.php\/wp-json\/wp\/v2\/product\/46053","targetHints":{"allow":["GET"]}}],"collection":[{"href":"https:\/\/demo.filizdigital.com\/index.php\/wp-json\/wp\/v2\/product"}],"about":[{"href":"https:\/\/demo.filizdigital.com\/index.php\/wp-json\/wp\/v2\/types\/product"}],"replies":[{"embeddable":true,"href":"https:\/\/demo.filizdigital.com\/index.php\/wp-json\/wp\/v2\/comments?post=46053"}],"wp:featuredmedia":[{"embeddable":true,"href":"https:\/\/demo.filizdigital.com\/index.php\/wp-json\/wp\/v2\/media\/46169"}],"wp:attachment":[{"href":"https:\/\/demo.filizdigital.com\/index.php\/wp-json\/wp\/v2\/media?parent=46053"}],"wp:term":[{"taxonomy":"product_brand","embeddable":true,"href":"https:\/\/demo.filizdigital.com\/index.php\/wp-json\/wp\/v2\/product_brand?post=46053"},{"taxonomy":"product_cat","embeddable":true,"href":"https:\/\/demo.filizdigital.com\/index.php\/wp-json\/wp\/v2\/product_cat?post=46053"},{"taxonomy":"product_tag","embeddable":true,"href":"https:\/\/demo.filizdigital.com\/index.php\/wp-json\/wp\/v2\/product_tag?post=46053"}],"curies":[{"name":"wp","href":"https:\/\/api.w.org\/{rel}","templated":true}]}}