{"id":46286,"date":"2025-12-14T09:29:51","date_gmt":"2025-12-14T06:29:51","guid":{"rendered":"https:\/\/demo.filizdigital.com\/?post_type=product&#038;p=46286"},"modified":"2025-12-14T09:30:00","modified_gmt":"2025-12-14T06:30:00","slug":"asit-uzerine-su-dokmek-tehlikeli-ve-yasaktir","status":"publish","type":"product","link":"https:\/\/demo.filizdigital.com\/index.php\/urun\/asit-uzerine-su-dokmek-tehlikeli-ve-yasaktir\/","title":{"rendered":"Asit \u00dczerine Su D\u00f6kmek Tehlikeli ve Yasakt\u0131r"},"content":{"rendered":"<h3>Asit \u00dczerine Su D\u00f6kmek Tehlikeli ve Yasakt\u0131r Uyar\u0131 Levhas\u0131. Kimyasal maddeler ile ilgili uyar\u0131 ve ikaz levhalar\u0131 ile ilgili t\u00fcm uyar\u0131 levhalar\u0131na <a class=\"kategori\" title=\"kimyasal madde uyar\u0131 levhalar\u0131\" href=\"https:\/\/uyarilevha.com\/product-category\/is-guvenlik-levhalari\/kimyasal-madde-uyari-levhalari\/\">&#8220;bu kategoriden&#8221;<\/a> ula\u015fabilirsin.<\/h3>\n","protected":false},"excerpt":{"rendered":"<p>Asit \u00dczerine Su D\u00f6kmek Tehlikeli ve Yasakt\u0131r \u0130kaz Levhas\u0131<\/p>\n","protected":false},"featured_media":46292,"comment_status":"open","ping_status":"closed","template":"","meta":[],"product_brand":[],"product_cat":[291],"product_tag":[391,392],"class_list":{"0":"post-46286","1":"product","2":"type-product","3":"status-publish","4":"has-post-thumbnail","6":"product_cat-kimyasal-madde-uyari-levhalari","7":"product_tag-asit","8":"product_tag-su","10":"first","11":"instock","12":"shipping-taxable","13":"purchasable","14":"product-type-variable","15":"has-default-attributes"},"_links":{"self":[{"href":"https:\/\/demo.filizdigital.com\/index.php\/wp-json\/wp\/v2\/product\/46286","targetHints":{"allow":["GET"]}}],"collection":[{"href":"https:\/\/demo.filizdigital.com\/index.php\/wp-json\/wp\/v2\/product"}],"about":[{"href":"https:\/\/demo.filizdigital.com\/index.php\/wp-json\/wp\/v2\/types\/product"}],"replies":[{"embeddable":true,"href":"https:\/\/demo.filizdigital.com\/index.php\/wp-json\/wp\/v2\/comments?post=46286"}],"wp:featuredmedia":[{"embeddable":true,"href":"https:\/\/demo.filizdigital.com\/index.php\/wp-json\/wp\/v2\/media\/46292"}],"wp:attachment":[{"href":"https:\/\/demo.filizdigital.com\/index.php\/wp-json\/wp\/v2\/media?parent=46286"}],"wp:term":[{"taxonomy":"product_brand","embeddable":true,"href":"https:\/\/demo.filizdigital.com\/index.php\/wp-json\/wp\/v2\/product_brand?post=46286"},{"taxonomy":"product_cat","embeddable":true,"href":"https:\/\/demo.filizdigital.com\/index.php\/wp-json\/wp\/v2\/product_cat?post=46286"},{"taxonomy":"product_tag","embeddable":true,"href":"https:\/\/demo.filizdigital.com\/index.php\/wp-json\/wp\/v2\/product_tag?post=46286"}],"curies":[{"name":"wp","href":"https:\/\/api.w.org\/{rel}","templated":true}]}}