{"id":46756,"date":"2025-12-14T09:31:03","date_gmt":"2025-12-14T06:31:03","guid":{"rendered":"https:\/\/demo.filizdigital.com\/?post_type=product&#038;p=46756"},"modified":"2025-12-14T09:31:11","modified_gmt":"2025-12-14T06:31:11","slug":"atik-aku-deposu","status":"publish","type":"product","link":"https:\/\/demo.filizdigital.com\/index.php\/urun\/atik-aku-deposu\/","title":{"rendered":"At\u0131k Ak\u00fc Deposu"},"content":{"rendered":"<h3>At\u0131k Ak\u00fc Deposu Uyar\u0131 Levhas\u0131. Geri d\u00f6n\u00fc\u015f\u00fcm i\u015f g\u00fcvenlik levhalar\u0131na <a class=\"kategori\" title=\"geri d\u00f6n\u00fc\u015f\u00fcm uyar\u0131 levhalar\u0131\" href=\"https:\/\/uyarilevha.com\/product-category\/is-guvenlik-levhalari\/geri-donusum-uyari-levhalari\/\">\u201cbu kategoriden\u201d<\/a>\u00a0ula\u015fabilirsin.<\/h3>\n","protected":false},"excerpt":{"rendered":"<p>At\u0131k Ak\u00fc Deposu \u0130kaz Levhas\u0131<\/p>\n","protected":false},"featured_media":46782,"comment_status":"open","ping_status":"closed","template":"","meta":[],"product_brand":[],"product_cat":[122,396],"product_tag":[261,89,397],"class_list":{"0":"post-46756","1":"product","2":"type-product","3":"status-publish","4":"has-post-thumbnail","6":"product_cat-belirlenmis-alanlar","7":"product_cat-geri-donusum-uyari-levhalari","8":"product_tag-aku","9":"product_tag-depo","10":"product_tag-geri-donusum","12":"first","13":"instock","14":"shipping-taxable","15":"purchasable","16":"product-type-variable","17":"has-default-attributes"},"_links":{"self":[{"href":"https:\/\/demo.filizdigital.com\/index.php\/wp-json\/wp\/v2\/product\/46756","targetHints":{"allow":["GET"]}}],"collection":[{"href":"https:\/\/demo.filizdigital.com\/index.php\/wp-json\/wp\/v2\/product"}],"about":[{"href":"https:\/\/demo.filizdigital.com\/index.php\/wp-json\/wp\/v2\/types\/product"}],"replies":[{"embeddable":true,"href":"https:\/\/demo.filizdigital.com\/index.php\/wp-json\/wp\/v2\/comments?post=46756"}],"wp:featuredmedia":[{"embeddable":true,"href":"https:\/\/demo.filizdigital.com\/index.php\/wp-json\/wp\/v2\/media\/46782"}],"wp:attachment":[{"href":"https:\/\/demo.filizdigital.com\/index.php\/wp-json\/wp\/v2\/media?parent=46756"}],"wp:term":[{"taxonomy":"product_brand","embeddable":true,"href":"https:\/\/demo.filizdigital.com\/index.php\/wp-json\/wp\/v2\/product_brand?post=46756"},{"taxonomy":"product_cat","embeddable":true,"href":"https:\/\/demo.filizdigital.com\/index.php\/wp-json\/wp\/v2\/product_cat?post=46756"},{"taxonomy":"product_tag","embeddable":true,"href":"https:\/\/demo.filizdigital.com\/index.php\/wp-json\/wp\/v2\/product_tag?post=46756"}],"curies":[{"name":"wp","href":"https:\/\/api.w.org\/{rel}","templated":true}]}}