{"id":47085,"date":"2025-12-14T09:31:50","date_gmt":"2025-12-14T06:31:50","guid":{"rendered":"https:\/\/demo.filizdigital.com\/?post_type=product&#038;p=47085"},"modified":"2025-12-14T09:31:56","modified_gmt":"2025-12-14T06:31:56","slug":"atiklarimizi-karistirmayalim","status":"publish","type":"product","link":"https:\/\/demo.filizdigital.com\/index.php\/urun\/atiklarimizi-karistirmayalim\/","title":{"rendered":"At\u0131klar\u0131m\u0131z\u0131 Kar\u0131\u015ft\u0131rmayal\u0131m"},"content":{"rendered":"<h3>At\u0131klar\u0131m\u0131z\u0131 Kar\u0131\u015ft\u0131rmayal\u0131m Uyar\u0131 Levhas\u0131. Geri d\u00f6n\u00fc\u015f\u00fcm i\u015f g\u00fcvenlik levhalar\u0131na <a class=\"kategori\" title=\"geri d\u00f6n\u00fc\u015f\u00fcm uyar\u0131 levhalar\u0131\" href=\"https:\/\/uyarilevha.com\/product-category\/is-guvenlik-levhalari\/geri-donusum-uyari-levhalari\/\">\u201cbu kategoriden\u201d<\/a>\u00a0ula\u015fabilirsin.<\/h3>\n","protected":false},"excerpt":{"rendered":"<p>At\u0131klar\u0131m\u0131z\u0131 Kar\u0131\u015ft\u0131rmayal\u0131m \u0130kaz Levhas\u0131<\/p>\n","protected":false},"featured_media":47089,"comment_status":"open","ping_status":"closed","template":"","meta":[],"product_brand":[],"product_cat":[396],"product_tag":[146,397],"class_list":{"0":"post-47085","1":"product","2":"type-product","3":"status-publish","4":"has-post-thumbnail","6":"product_cat-geri-donusum-uyari-levhalari","7":"product_tag-atik","8":"product_tag-geri-donusum","10":"first","11":"instock","12":"shipping-taxable","13":"purchasable","14":"product-type-variable","15":"has-default-attributes"},"_links":{"self":[{"href":"https:\/\/demo.filizdigital.com\/index.php\/wp-json\/wp\/v2\/product\/47085","targetHints":{"allow":["GET"]}}],"collection":[{"href":"https:\/\/demo.filizdigital.com\/index.php\/wp-json\/wp\/v2\/product"}],"about":[{"href":"https:\/\/demo.filizdigital.com\/index.php\/wp-json\/wp\/v2\/types\/product"}],"replies":[{"embeddable":true,"href":"https:\/\/demo.filizdigital.com\/index.php\/wp-json\/wp\/v2\/comments?post=47085"}],"wp:featuredmedia":[{"embeddable":true,"href":"https:\/\/demo.filizdigital.com\/index.php\/wp-json\/wp\/v2\/media\/47089"}],"wp:attachment":[{"href":"https:\/\/demo.filizdigital.com\/index.php\/wp-json\/wp\/v2\/media?parent=47085"}],"wp:term":[{"taxonomy":"product_brand","embeddable":true,"href":"https:\/\/demo.filizdigital.com\/index.php\/wp-json\/wp\/v2\/product_brand?post=47085"},{"taxonomy":"product_cat","embeddable":true,"href":"https:\/\/demo.filizdigital.com\/index.php\/wp-json\/wp\/v2\/product_cat?post=47085"},{"taxonomy":"product_tag","embeddable":true,"href":"https:\/\/demo.filizdigital.com\/index.php\/wp-json\/wp\/v2\/product_tag?post=47085"}],"curies":[{"name":"wp","href":"https:\/\/api.w.org\/{rel}","templated":true}]}}